{"id":98,"date":"2018-06-29T15:52:38","date_gmt":"2018-06-29T14:52:38","guid":{"rendered":"https:\/\/fmi.univ-bba.dz\/?page_id=98"},"modified":"2021-12-02T08:33:03","modified_gmt":"2021-12-02T07:33:03","slug":"departement-de-la-recherche-operationnelle","status":"publish","type":"page","link":"https:\/\/fmi.univ-bba.dz\/?page_id=98","title":{"rendered":"D\u00e9partement de la recherche op\u00e9rationnelle"},"content":{"rendered":"<p>Chef de d\u00e9partement : BENMALEK Mounir\u00a0 \u00a0 \u00a0 \u00a0 \u00a0 \u00a0 \u00a0 \u00a0 Email :\u00a0<span style=\"color: #0000ff;\"><a class=\"o_h J_x mq_CZ G_e r_BN C_Z281SGl S4_n\" style=\"color: #0000ff;\" title=\"mounir.benmalek.bba@gmail.com\" data-test-id=\"contact-card-email\">mounir.benmalek.bba@gmail.com<\/a><\/span><\/p>\n","protected":false},"excerpt":{"rendered":"<p>Chef de d\u00e9partement : BENMALEK Mounir\u00a0 \u00a0 \u00a0 \u00a0 \u00a0 \u00a0 \u00a0 \u00a0 Email :\u00a0mounir.benmalek.bba@gmail.com<\/p>\n","protected":false},"author":1,"featured_media":0,"parent":0,"menu_order":0,"comment_status":"closed","ping_status":"closed","template":"","meta":{"footnotes":""},"class_list":["post-98","page","type-page","status-publish","hentry"],"_links":{"self":[{"href":"https:\/\/fmi.univ-bba.dz\/index.php?rest_route=\/wp\/v2\/pages\/98","targetHints":{"allow":["GET"]}}],"collection":[{"href":"https:\/\/fmi.univ-bba.dz\/index.php?rest_route=\/wp\/v2\/pages"}],"about":[{"href":"https:\/\/fmi.univ-bba.dz\/index.php?rest_route=\/wp\/v2\/types\/page"}],"author":[{"embeddable":true,"href":"https:\/\/fmi.univ-bba.dz\/index.php?rest_route=\/wp\/v2\/users\/1"}],"replies":[{"embeddable":true,"href":"https:\/\/fmi.univ-bba.dz\/index.php?rest_route=%2Fwp%2Fv2%2Fcomments&post=98"}],"version-history":[{"count":2,"href":"https:\/\/fmi.univ-bba.dz\/index.php?rest_route=\/wp\/v2\/pages\/98\/revisions"}],"predecessor-version":[{"id":689,"href":"https:\/\/fmi.univ-bba.dz\/index.php?rest_route=\/wp\/v2\/pages\/98\/revisions\/689"}],"wp:attachment":[{"href":"https:\/\/fmi.univ-bba.dz\/index.php?rest_route=%2Fwp%2Fv2%2Fmedia&parent=98"}],"curies":[{"name":"wp","href":"https:\/\/api.w.org\/{rel}","templated":true}]}}