{"id":96,"date":"2018-06-29T15:52:16","date_gmt":"2018-06-29T14:52:16","guid":{"rendered":"https:\/\/fmi.univ-bba.dz\/?page_id=96"},"modified":"2023-07-31T23:30:42","modified_gmt":"2023-07-31T22:30:42","slug":"departement-des-mathematiques","status":"publish","type":"page","link":"https:\/\/fmi.univ-bba.dz\/?page_id=96","title":{"rendered":"D\u00e9partement de Math\u00e9matiques"},"content":{"rendered":"<p>Chef de d\u00e9partement : Touati Hilal<\/p>\n","protected":false},"excerpt":{"rendered":"<p>Chef de d\u00e9partement : Touati Hilal<\/p>\n","protected":false},"author":1,"featured_media":0,"parent":0,"menu_order":0,"comment_status":"closed","ping_status":"closed","template":"","meta":{"footnotes":""},"class_list":["post-96","page","type-page","status-publish","hentry"],"_links":{"self":[{"href":"https:\/\/fmi.univ-bba.dz\/index.php?rest_route=\/wp\/v2\/pages\/96","targetHints":{"allow":["GET"]}}],"collection":[{"href":"https:\/\/fmi.univ-bba.dz\/index.php?rest_route=\/wp\/v2\/pages"}],"about":[{"href":"https:\/\/fmi.univ-bba.dz\/index.php?rest_route=\/wp\/v2\/types\/page"}],"author":[{"embeddable":true,"href":"https:\/\/fmi.univ-bba.dz\/index.php?rest_route=\/wp\/v2\/users\/1"}],"replies":[{"embeddable":true,"href":"https:\/\/fmi.univ-bba.dz\/index.php?rest_route=%2Fwp%2Fv2%2Fcomments&post=96"}],"version-history":[{"count":5,"href":"https:\/\/fmi.univ-bba.dz\/index.php?rest_route=\/wp\/v2\/pages\/96\/revisions"}],"predecessor-version":[{"id":4214,"href":"https:\/\/fmi.univ-bba.dz\/index.php?rest_route=\/wp\/v2\/pages\/96\/revisions\/4214"}],"wp:attachment":[{"href":"https:\/\/fmi.univ-bba.dz\/index.php?rest_route=%2Fwp%2Fv2%2Fmedia&parent=96"}],"curies":[{"name":"wp","href":"https:\/\/api.w.org\/{rel}","templated":true}]}}