{"id":76,"date":"2018-06-29T15:42:29","date_gmt":"2018-06-29T14:42:29","guid":{"rendered":"https:\/\/fmi.univ-bba.dz\/?page_id=76"},"modified":"2023-07-31T23:32:19","modified_gmt":"2023-07-31T22:32:19","slug":"le-secretaire-general","status":"publish","type":"page","link":"https:\/\/fmi.univ-bba.dz\/?page_id=76","title":{"rendered":"Le secr\u00e9tariat g\u00e9n\u00e9ral"},"content":{"rendered":"<p dir=\"LTR\" style=\"text-align: center;\">Nom et pr\u00e9nom: BECHAR Rabie<\/p>\n<p dir=\"LTR\" style=\"text-align: center;\">T\u00e9l\u00e9phone: 035 862145<\/p>\n<h3 dir=\"LTR\"><span style=\"color: #000000;\"><strong>Le secr\u00e9tariat g\u00e9n\u00e9ral de la facult\u00e9 est charg\u00e9\u00a0<\/strong><strong>de\u00a0<\/strong>:<\/span><\/h3>\n<ul>\n<li dir=\"LTR\"><span style=\"color: #000000;\">Pr\u00e9parer le projet de plan de gestion des ressources humaines de la facult\u00e9 et d\u2019en assurer l\u2019ex\u00e9cution.<\/span><\/li>\n<li><span style=\"color: #000000;\">Assurer la gestion des carri\u00e8res des personnels de la\u00a0 facult\u00e9<\/span><\/li>\n<li><span style=\"color: #000000;\">Assurer la gestion et la conservation des archives et de la documentation de la facult\u00e9<\/span><\/li>\n<li><span style=\"color: #000000;\">Pr\u00e9parer le projet de budget de la facult\u00e9 et d\u2019en assurer l\u2019ex\u00e9cution;<\/span><\/li>\n<li><span style=\"color: #000000;\">Promouvoir avec les structures concern\u00e9es du rectorat les activit\u00e9s scientifiques, culturelles et sportives au profit des \u00e9tudiants ;<\/span><\/li>\n<li><span style=\"color: #000000;\">G\u00e9rer les moyens meubles et immeubles de la facult\u00e9 et de veiller \u00e0 leur entretien et \u00e0 leur maintenance ;<\/span><\/li>\n<li><span style=\"color: #000000;\">Assurer la mise en oeuvre du plan de s\u00fbret\u00e9 interne de la facult\u00e9.<\/span><\/li>\n<\/ul>\n","protected":false},"excerpt":{"rendered":"<p>Nom et pr\u00e9nom: BECHAR Rabie T\u00e9l\u00e9phone: 035 862145 Le secr\u00e9tariat g\u00e9n\u00e9ral de la facult\u00e9 est charg\u00e9\u00a0de\u00a0: Pr\u00e9parer le projet de plan de gestion des ressources humaines de la facult\u00e9 et d\u2019en assurer l\u2019ex\u00e9cution. Assurer la gestion des carri\u00e8res des personnels de la\u00a0 facult\u00e9 Assurer la gestion et la conservation des archives et de la documentation [&hellip;]<\/p>\n","protected":false},"author":1,"featured_media":0,"parent":0,"menu_order":0,"comment_status":"closed","ping_status":"closed","template":"","meta":{"footnotes":""},"class_list":["post-76","page","type-page","status-publish","hentry"],"_links":{"self":[{"href":"https:\/\/fmi.univ-bba.dz\/index.php?rest_route=\/wp\/v2\/pages\/76","targetHints":{"allow":["GET"]}}],"collection":[{"href":"https:\/\/fmi.univ-bba.dz\/index.php?rest_route=\/wp\/v2\/pages"}],"about":[{"href":"https:\/\/fmi.univ-bba.dz\/index.php?rest_route=\/wp\/v2\/types\/page"}],"author":[{"embeddable":true,"href":"https:\/\/fmi.univ-bba.dz\/index.php?rest_route=\/wp\/v2\/users\/1"}],"replies":[{"embeddable":true,"href":"https:\/\/fmi.univ-bba.dz\/index.php?rest_route=%2Fwp%2Fv2%2Fcomments&post=76"}],"version-history":[{"count":10,"href":"https:\/\/fmi.univ-bba.dz\/index.php?rest_route=\/wp\/v2\/pages\/76\/revisions"}],"predecessor-version":[{"id":4217,"href":"https:\/\/fmi.univ-bba.dz\/index.php?rest_route=\/wp\/v2\/pages\/76\/revisions\/4217"}],"wp:attachment":[{"href":"https:\/\/fmi.univ-bba.dz\/index.php?rest_route=%2Fwp%2Fv2%2Fmedia&parent=76"}],"curies":[{"name":"wp","href":"https:\/\/api.w.org\/{rel}","templated":true}]}}