{"id":70,"date":"2018-06-29T15:40:56","date_gmt":"2018-06-29T14:40:56","guid":{"rendered":"https:\/\/fmi.univ-bba.dz\/?page_id=70"},"modified":"2021-12-02T08:31:31","modified_gmt":"2021-12-02T07:31:31","slug":"vdpg","status":"publish","type":"page","link":"https:\/\/fmi.univ-bba.dz\/?page_id=70","title":{"rendered":"Le vice-doyen charg\u00e9 des \u00e9tudes et des questions li\u00e9es aux \u00e9tudiants"},"content":{"rendered":"<p style=\"text-align: center;\">Dr. BRAHMI Boualem<\/p>\n<p style=\"text-align: center;\"><a class=\"o_h J_x mq_CZ G_e r_BN C_Z281SGl S4_n\" title=\"mcharikhi@yahoo.fr\" data-test-id=\"contact-card-email\">Email : <span style=\"color: #0000ff;\">b.brahmi@univ-bba.dz<\/span><\/a><\/p>\n<h3 dir=\"LTR\"><strong>Le vice-doyen charg\u00e9 des \u00e9tudes et des questions li\u00e9es aux \u00e9tudiants a pour t\u00e2ches<\/strong>\u00a0:<\/h3>\n<ul>\n<li>d\u2019assurer la gestion et le suivi des inscriptions des \u00e9tudiants en graduation ;<\/li>\n<li>de suivre le d\u00e9roulement des activit\u00e9s d\u2019enseignement et de prendre ou proposer au doyen toute mesure en vue de leur am\u00e9lioration<\/li>\n<li>de tenir le fichier nominatif et statistique des \u00e9tudiants ;<\/li>\n<li dir=\"LTR\">de recueillir, traiter et diffuser l\u2019information p\u00e9dagogique au profit des \u00e9tudiants.<\/li>\n<\/ul>\n<h3 dir=\"LTR\"><strong>Le vice-doyen charg\u00e9 des \u00e9tudes et des questions li\u00e9es aux \u00e9tudiants est assist\u00e9 par<\/strong>\u00a0:<\/h3>\n<ul>\n<li>le chef de service de la scolarit\u00e9 .<\/li>\n<li>le chef de service des enseignements et de l\u2019\u00e9valuation .<\/li>\n<li>le chef de service des statistiques, de l\u2019information et de l\u2019orientation.<\/li>\n<\/ul>\n","protected":false},"excerpt":{"rendered":"<p>Dr. BRAHMI Boualem Email : b.brahmi@univ-bba.dz Le vice-doyen charg\u00e9 des \u00e9tudes et des questions li\u00e9es aux \u00e9tudiants a pour t\u00e2ches\u00a0: d\u2019assurer la gestion et le suivi des inscriptions des \u00e9tudiants en graduation ; de suivre le d\u00e9roulement des activit\u00e9s d\u2019enseignement et de prendre ou proposer au doyen toute mesure en vue de leur am\u00e9lioration de [&hellip;]<\/p>\n","protected":false},"author":1,"featured_media":0,"parent":0,"menu_order":0,"comment_status":"closed","ping_status":"closed","template":"","meta":{"footnotes":""},"class_list":["post-70","page","type-page","status-publish","hentry"],"_links":{"self":[{"href":"https:\/\/fmi.univ-bba.dz\/index.php?rest_route=\/wp\/v2\/pages\/70","targetHints":{"allow":["GET"]}}],"collection":[{"href":"https:\/\/fmi.univ-bba.dz\/index.php?rest_route=\/wp\/v2\/pages"}],"about":[{"href":"https:\/\/fmi.univ-bba.dz\/index.php?rest_route=\/wp\/v2\/types\/page"}],"author":[{"embeddable":true,"href":"https:\/\/fmi.univ-bba.dz\/index.php?rest_route=\/wp\/v2\/users\/1"}],"replies":[{"embeddable":true,"href":"https:\/\/fmi.univ-bba.dz\/index.php?rest_route=%2Fwp%2Fv2%2Fcomments&post=70"}],"version-history":[{"count":9,"href":"https:\/\/fmi.univ-bba.dz\/index.php?rest_route=\/wp\/v2\/pages\/70\/revisions"}],"predecessor-version":[{"id":692,"href":"https:\/\/fmi.univ-bba.dz\/index.php?rest_route=\/wp\/v2\/pages\/70\/revisions\/692"}],"wp:attachment":[{"href":"https:\/\/fmi.univ-bba.dz\/index.php?rest_route=%2Fwp%2Fv2%2Fmedia&parent=70"}],"curies":[{"name":"wp","href":"https:\/\/api.w.org\/{rel}","templated":true}]}}