{"id":64,"date":"2018-06-29T15:33:36","date_gmt":"2018-06-29T14:33:36","guid":{"rendered":"https:\/\/fmi.univ-bba.dz\/?page_id=64"},"modified":"2025-10-23T15:39:41","modified_gmt":"2025-10-23T14:39:41","slug":"doyen","status":"publish","type":"page","link":"https:\/\/fmi.univ-bba.dz\/?page_id=64","title":{"rendered":"Le Doyen"},"content":{"rendered":"\n<p class=\"has-text-align-center\">Prof. Abdelhamid IRATNI<\/p>\n\n\n\n<p class=\"has-text-align-center\">Email: <span style=\"color: #0000ff;\">iratni@univ-bba.dz<\/span><\/p>\n\n\n\n<p class=\"has-text-align-center\"><span style=\"color: #000000;\"><a class=\"quick-call\" style=\"color: #000000;\" href=\"tel:213035862146\">Tel\/Fax : 044 29 04 89<\/a><\/span><\/p>\n\n\n\n<h4 class=\"wp-block-heading\">R\u00d4LES ET MISSIONS DU DOYEN<\/h4>\n\n\n\n<p>Le doyen est responsable du fonctionnement de la facult\u00e9 et il assure la gestion de ses moyens humains, financiers et mat\u00e9riels. \u00c0 ce titre, il :<\/p>\n\n\n\n<ul class=\"wp-block-list\">\n<li>est ordonnateur des cr\u00e9dits de fonctionnement qui lui sont d\u00e9l\u00e9gu\u00e9s par le recteur,<\/li>\n\n\n\n<li>nomme les personnels de la facult\u00e9 pour lesquels un autre mode de nomination n\u2019est pas pr\u00e9vu,<\/li>\n\n\n\n<li>assure et exerce l\u2019autorit\u00e9 hi\u00e9rarchique sur l\u2019ensemble des personnels plac\u00e9s sous son autorit\u00e9, pr\u00e9pare les r\u00e9unions du conseil de facult\u00e9.<\/li>\n\n\n\n<li>Il \u00e9tablit le rapport annuel d\u2019activit\u00e9s qu\u2019il adresse au recteur de l\u2019universit\u00e9, apr\u00e8s approbation par le conseil de facult\u00e9.<\/li>\n<\/ul>\n\n\n\n<p>Le doyen de facult\u00e9 est assist\u00e9 dans ses t\u00e2ches par :<\/p>\n\n\n\n<ul class=\"wp-block-list\">\n<li>le vice-doyen charg\u00e9 des \u00e9tudes et des questions li\u00e9es aux \u00e9tudiants,<\/li>\n\n\n\n<li>le vice-doyen charg\u00e9 de la post-graduation, de la recherche scientifique et des relations ext\u00e9rieures,<\/li>\n\n\n\n<li>le secr\u00e9taire g\u00e9n\u00e9ral,<\/li>\n\n\n\n<li>les chefs de d\u00e9partements,<\/li>\n\n\n\n<li>le responsable de la biblioth\u00e8que de facult\u00e9.<\/li>\n<\/ul>\n","protected":false},"excerpt":{"rendered":"<p>Prof. Abdelhamid IRATNI Email: iratni@univ-bba.dz Tel\/Fax : 044 29 04 89 R\u00d4LES ET MISSIONS DU DOYEN Le doyen est responsable du fonctionnement de la facult\u00e9 et il assure la gestion de ses moyens humains, financiers et mat\u00e9riels. \u00c0 ce titre, il : Le doyen de facult\u00e9 est assist\u00e9 dans ses t\u00e2ches par :<\/p>\n","protected":false},"author":1,"featured_media":0,"parent":0,"menu_order":0,"comment_status":"closed","ping_status":"closed","template":"","meta":{"footnotes":""},"class_list":["post-64","page","type-page","status-publish","hentry"],"_links":{"self":[{"href":"https:\/\/fmi.univ-bba.dz\/index.php?rest_route=\/wp\/v2\/pages\/64","targetHints":{"allow":["GET"]}}],"collection":[{"href":"https:\/\/fmi.univ-bba.dz\/index.php?rest_route=\/wp\/v2\/pages"}],"about":[{"href":"https:\/\/fmi.univ-bba.dz\/index.php?rest_route=\/wp\/v2\/types\/page"}],"author":[{"embeddable":true,"href":"https:\/\/fmi.univ-bba.dz\/index.php?rest_route=\/wp\/v2\/users\/1"}],"replies":[{"embeddable":true,"href":"https:\/\/fmi.univ-bba.dz\/index.php?rest_route=%2Fwp%2Fv2%2Fcomments&post=64"}],"version-history":[{"count":24,"href":"https:\/\/fmi.univ-bba.dz\/index.php?rest_route=\/wp\/v2\/pages\/64\/revisions"}],"predecessor-version":[{"id":6801,"href":"https:\/\/fmi.univ-bba.dz\/index.php?rest_route=\/wp\/v2\/pages\/64\/revisions\/6801"}],"wp:attachment":[{"href":"https:\/\/fmi.univ-bba.dz\/index.php?rest_route=%2Fwp%2Fv2%2Fmedia&parent=64"}],"curies":[{"name":"wp","href":"https:\/\/api.w.org\/{rel}","templated":true}]}}