{"id":4530,"date":"2023-10-15T16:18:07","date_gmt":"2023-10-15T15:18:07","guid":{"rendered":"https:\/\/fmi.univ-bba.dz\/?page_id=4530"},"modified":"2023-11-03T17:44:31","modified_gmt":"2023-11-03T16:44:31","slug":"documents-a-telecharger","status":"publish","type":"page","link":"https:\/\/fmi.univ-bba.dz\/?page_id=4530","title":{"rendered":"Documents \u00e0 t\u00e9l\u00e9charger"},"content":{"rendered":"\n<div class=\"wp-block-file\"><a id=\"wp-block-file--media-7432b348-4502-4f41-b1f3-a3d13c65ba40\" href=\"https:\/\/fmi.univ-bba.dz\/wp-content\/uploads\/2023\/11\/\u0627\u062a\u0641\u0627\u0642\u064a\u0629-\u0627\u0644\u0645\u0633\u0627\u0628\u0642\u0629-\u0639\u0644\u0649-\u0627\u0633\u0627\u0633-\u0627\u0644\u0627\u0645\u062a\u062d\u0627\u0646-\u0627\u0644\u0645\u0647\u0646\u064a.docx\"><h1><strong>\u0627\u062a\u0641\u0627\u0642\u064a\u0629-\u0627\u0644\u0645\u0633\u0627\u0628\u0642\u0629-\u0639\u0644\u0649-\u0627\u0633\u0627\u0633-\u0627\u0644\u0627\u0645\u062a\u062d\u0627\u0646-\u0627\u0644\u0645\u0647\u0646\u064a<\/strong><\/h1><\/a><a href=\"https:\/\/fmi.univ-bba.dz\/wp-content\/uploads\/2023\/11\/\u0627\u062a\u0641\u0627\u0642\u064a\u0629-\u0627\u0644\u0645\u0633\u0627\u0628\u0642\u0629-\u0639\u0644\u0649-\u0627\u0633\u0627\u0633-\u0627\u0644\u0627\u0645\u062a\u062d\u0627\u0646-\u0627\u0644\u0645\u0647\u0646\u064a.docx\" class=\"wp-block-file__button wp-element-button\" download aria-describedby=\"wp-block-file--media-7432b348-4502-4f41-b1f3-a3d13c65ba40\">Download<\/a><\/div>\n\n\n\n<div class=\"wp-block-file\"><a id=\"wp-block-file--media-9e7700e3-3de6-40b7-aa37-b3023503eee0\" href=\"https:\/\/fmi.univ-bba.dz\/wp-content\/uploads\/2023\/11\/\u0627\u062a\u0641\u0627\u0642\u064a\u0629-\u0627\u0644\u062a\u0643\u0648\u064a\u0646-\u0642\u0628\u0644-\u0627\u0644\u062a\u0631\u0642\u064a\u0629-2023-1.docx\"><h1>\u0627\u062a\u0641\u0627\u0642\u064a\u0629-\u0627\u0644\u062a\u0643\u0648\u064a\u0646-\u0642\u0628\u0644-\u0627\u0644\u062a\u0631\u0642\u064a\u0629-2023-1<\/h1><\/a><a href=\"https:\/\/fmi.univ-bba.dz\/wp-content\/uploads\/2023\/11\/\u0627\u062a\u0641\u0627\u0642\u064a\u0629-\u0627\u0644\u062a\u0643\u0648\u064a\u0646-\u0642\u0628\u0644-\u0627\u0644\u062a\u0631\u0642\u064a\u0629-2023-1.docx\" class=\"wp-block-file__button wp-element-button\" download aria-describedby=\"wp-block-file--media-9e7700e3-3de6-40b7-aa37-b3023503eee0\">Download<\/a><\/div>\n","protected":false},"excerpt":{"rendered":"<p>\u0627\u062a\u0641\u0627\u0642\u064a\u0629-\u0627\u0644\u0645\u0633\u0627\u0628\u0642\u0629-\u0639\u0644\u0649-\u0627\u0633\u0627\u0633-\u0627\u0644\u0627\u0645\u062a\u062d\u0627\u0646-\u0627\u0644\u0645\u0647\u0646\u064a Download<\/p>\n","protected":false},"author":1,"featured_media":0,"parent":0,"menu_order":0,"comment_status":"closed","ping_status":"closed","template":"","meta":{"footnotes":""},"class_list":["post-4530","page","type-page","status-publish","hentry"],"_links":{"self":[{"href":"https:\/\/fmi.univ-bba.dz\/index.php?rest_route=\/wp\/v2\/pages\/4530","targetHints":{"allow":["GET"]}}],"collection":[{"href":"https:\/\/fmi.univ-bba.dz\/index.php?rest_route=\/wp\/v2\/pages"}],"about":[{"href":"https:\/\/fmi.univ-bba.dz\/index.php?rest_route=\/wp\/v2\/types\/page"}],"author":[{"embeddable":true,"href":"https:\/\/fmi.univ-bba.dz\/index.php?rest_route=\/wp\/v2\/users\/1"}],"replies":[{"embeddable":true,"href":"https:\/\/fmi.univ-bba.dz\/index.php?rest_route=%2Fwp%2Fv2%2Fcomments&post=4530"}],"version-history":[{"count":7,"href":"https:\/\/fmi.univ-bba.dz\/index.php?rest_route=\/wp\/v2\/pages\/4530\/revisions"}],"predecessor-version":[{"id":4582,"href":"https:\/\/fmi.univ-bba.dz\/index.php?rest_route=\/wp\/v2\/pages\/4530\/revisions\/4582"}],"wp:attachment":[{"href":"https:\/\/fmi.univ-bba.dz\/index.php?rest_route=%2Fwp%2Fv2%2Fmedia&parent=4530"}],"curies":[{"name":"wp","href":"https:\/\/api.w.org\/{rel}","templated":true}]}}