{"id":355,"date":"2018-06-30T12:46:21","date_gmt":"2018-06-30T11:46:21","guid":{"rendered":"https:\/\/fmi.univ-bba.dz\/?page_id=355"},"modified":"2023-07-31T23:27:21","modified_gmt":"2023-07-31T22:27:21","slug":"club-scientifique","status":"publish","type":"page","link":"https:\/\/fmi.univ-bba.dz\/?page_id=355","title":{"rendered":"Club Scientifique (CSMI)"},"content":{"rendered":"<p style=\"text-align: left;\"><strong>Les membres du club scientifique :\u00a0<\/strong><\/p>\n<ol>\n<li>MECILI Oualid\u00a0 \u00a0 \u00a0 \u00a0 \u00a0 \u00a0 \u00a0 \u00a0 \u00a0 \u00a0 \u00a0 \u00a0 \u00a0 \u00a0 \u00a0 Pr\u00e9sident du Club\u00a0 \u00a0 \u00a0 \u00a0 \u00a0 \u00a0 \u00a0 \u00a0 \u00a0 \u00a0 \u00a0 \u00a0 \u00a0 \u00a0 \u00a0email : <span style=\"color: #0000ff;\">mecilioualid@gmail.com<\/span><\/li>\n<li>CHIHAB Aya Amina\u00a0 \u00a0 \u00a0 \u00a0 \u00a0 \u00a0 \u00a0 \u00a0 \u00a0 \u00a0 \u00a0Vice-Pr\u00e9sidente\u00a0 \u00a0 \u00a0 \u00a0 \u00a0 \u00a0 \u00a0 \u00a0 \u00a0 \u00a0 \u00a0 \u00a0 \u00a0 \u00a0 \u00a0 \u00a0 email : <span style=\"color: #0000ff;\">aya.chiheb.16@gmail.com<\/span><\/li>\n<li>BENKADJA Abderrahmen\u00a0 \u00a0 \u00a0 \u00a0 \u00a0 Secr\u00e9taire g\u00e9n\u00e9ral\u00a0 \u00a0 \u00a0 \u00a0 \u00a0 \u00a0 \u00a0 \u00a0 \u00a0 \u00a0 \u00a0 \u00a0 \u00a0 \u00a0 email : <span style=\"color: #0000ff;\">abdou.benkadja@gmail.com<\/span><\/li>\n<li>BOUROUH Ilyes\u00a0 \u00a0 \u00a0 \u00a0 \u00a0 \u00a0 \u00a0 \u00a0 \u00a0 \u00a0 \u00a0 \u00a0 \u00a0 \u00a0 Responsable des relations\u00a0 \u00a0 \u00a0 \u00a0 \u00a0 \u00a0 \u00a0email :\u00a0<span style=\"color: #0000ff;\">brhilyes@gmail.com<\/span><\/li>\n<li>REMACHE Cherif\u00a0 \u00a0 \u00a0 \u00a0 \u00a0 \u00a0 \u00a0 \u00a0 \u00a0 \u00a0 \u00a0 \u00a0 \u00a0 Responsable des programmes\u00a0 \u00a0 \u00a0 email :\u00a0<span style=\"color: #0000ff;\">chirifremmach@gmail.com<\/span><\/li>\n<li>BOUALEM Hanene\u00a0 \u00a0 \u00a0 \u00a0 \u00a0 \u00a0 \u00a0 \u00a0 \u00a0 \u00a0 \u00a0 \u00a0Responsable de l&#8217;information\u00a0 \u00a0 \u00a0 \u00a0 \u00a0email :\u00a0<span style=\"color: #0000ff;\">hananeboualem23@gmail.com<\/span><\/li>\n<li>CHIBANI Badr\u00a0 \u00a0 \u00a0 \u00a0 \u00a0 \u00a0 \u00a0 \u00a0 \u00a0 \u00a0 \u00a0 \u00a0 \u00a0 \u00a0 \u00a0 \u00a0Responsable des moyens\u00a0 \u00a0 \u00a0 \u00a0 \u00a0 \u00a0 \u00a0 \u00a0 email : <span style=\"color: #0000ff;\">badr208@gmail.com<\/span><\/li>\n<\/ol>\n<p>Contacts :\u00a0<span style=\"color: #0000ff;\">\u00a0<\/span><\/p>\n<p>Adresse : Facult\u00e9 des math\u00e9matiques et d&#8217;informatique (Bloc p\u00e9dagogique 1er \u00e9tage)<\/p>\n<p>Email : <span style=\"color: #0000ff;\">csmifbba@gmail.com\u00a0<\/span><\/p>\n","protected":false},"excerpt":{"rendered":"<p>Les membres du club scientifique :\u00a0 MECILI Oualid\u00a0 \u00a0 \u00a0 \u00a0 \u00a0 \u00a0 \u00a0 \u00a0 \u00a0 \u00a0 \u00a0 \u00a0 \u00a0 \u00a0 \u00a0 Pr\u00e9sident du Club\u00a0 \u00a0 \u00a0 \u00a0 \u00a0 \u00a0 \u00a0 \u00a0 \u00a0 \u00a0 \u00a0 \u00a0 \u00a0 \u00a0 \u00a0email : mecilioualid@gmail.com CHIHAB Aya Amina\u00a0 \u00a0 \u00a0 \u00a0 \u00a0 \u00a0 \u00a0 \u00a0 \u00a0 \u00a0 \u00a0Vice-Pr\u00e9sidente\u00a0 \u00a0 [&hellip;]<\/p>\n","protected":false},"author":1,"featured_media":0,"parent":0,"menu_order":0,"comment_status":"closed","ping_status":"closed","template":"","meta":{"footnotes":""},"class_list":["post-355","page","type-page","status-publish","hentry"],"_links":{"self":[{"href":"https:\/\/fmi.univ-bba.dz\/index.php?rest_route=\/wp\/v2\/pages\/355","targetHints":{"allow":["GET"]}}],"collection":[{"href":"https:\/\/fmi.univ-bba.dz\/index.php?rest_route=\/wp\/v2\/pages"}],"about":[{"href":"https:\/\/fmi.univ-bba.dz\/index.php?rest_route=\/wp\/v2\/types\/page"}],"author":[{"embeddable":true,"href":"https:\/\/fmi.univ-bba.dz\/index.php?rest_route=\/wp\/v2\/users\/1"}],"replies":[{"embeddable":true,"href":"https:\/\/fmi.univ-bba.dz\/index.php?rest_route=%2Fwp%2Fv2%2Fcomments&post=355"}],"version-history":[{"count":9,"href":"https:\/\/fmi.univ-bba.dz\/index.php?rest_route=\/wp\/v2\/pages\/355\/revisions"}],"predecessor-version":[{"id":4211,"href":"https:\/\/fmi.univ-bba.dz\/index.php?rest_route=\/wp\/v2\/pages\/355\/revisions\/4211"}],"wp:attachment":[{"href":"https:\/\/fmi.univ-bba.dz\/index.php?rest_route=%2Fwp%2Fv2%2Fmedia&parent=355"}],"curies":[{"name":"wp","href":"https:\/\/api.w.org\/{rel}","templated":true}]}}