{"id":217,"date":"2018-06-29T22:49:41","date_gmt":"2018-06-29T21:49:41","guid":{"rendered":"https:\/\/fmi.univ-bba.dz\/?page_id=217"},"modified":"2018-09-20T17:48:05","modified_gmt":"2018-09-20T16:48:05","slug":"textes-reglumentaires","status":"publish","type":"page","link":"https:\/\/fmi.univ-bba.dz\/?page_id=217","title":{"rendered":"Textes r\u00e9gl\u00e9mentaires"},"content":{"rendered":"<h3><strong>Formation \u00e0 l\u2019\u00e9tranger de courte dur\u00e9e :<\/strong><\/h3>\n<ul>\n<li><span style=\"color: #000000;\">D\u00e9cret Pr\u00e9sidentiel N\u00b0 14-196 du 06 Juillet 2014 portant organisation et gestion de la formation et du perfectionnement \u00e0 l\u2019\u00e9tranger.<\/span>\u00a0<span style=\"color: #0000ff;\"><a style=\"color: #0000ff;\" href=\"https:\/\/fmi.univ-bba.dz\/wp-content\/uploads\/2018\/07\/17_Formation_etranger.pdf\">T\u00e9l\u00e9charger<\/a><\/span><\/li>\n<li><span style=\"color: #000000;\">Instruction N \u00b0 05 du 01 D\u00e9cembre 2015 relative au perfectionnement \u00e0 l\u2019\u00e9tranger.<\/span> (<a href=\"https:\/\/fmi.univ-bba.dz\/wp-content\/uploads\/2018\/07\/1_Instruction-05-du-01-D\u00e9ce-2015_Version-Arabe.pdf\">AR<\/a>\/<a href=\"https:\/\/fmi.univ-bba.dz\/wp-content\/uploads\/2018\/07\/2_Instruction-05-du-01-D\u00e9ce-2015_Version-Fran\u00e7aise.pdf\">FR<\/a>)<\/li>\n<li><span style=\"color: #000000;\">Arr\u00eat\u00e9 N\u00b0 327 du 09 Juillet modifiant l\u2019arr\u00eat\u00e9 N\u00b0 2010 du 29 D\u00e9cembre 2014, fixant les crit\u00e8res de s\u00e9lection d\u2019admissibilit\u00e9 au programme de perfectionnement \u00e0 l\u2019\u00e9tranger.<\/span> (<a href=\"https:\/\/fmi.univ-bba.dz\/wp-content\/uploads\/2018\/07\/3_D\u00e9cision-327-du-09-juillet-2015-Version-Arabe.pdf\">AR<\/a>\/<a href=\"https:\/\/fmi.univ-bba.dz\/wp-content\/uploads\/2018\/07\/4_D\u00e9cision-327-du-09-juillet-2015-Version-Fran\u00e7aise.pdf\">FR<\/a>)<\/li>\n<li><span style=\"color: #000000;\">Arr\u00eat\u00e9 N\u00b0 2010 du 29 D\u00e9cembre 2014, fixant les crit\u00e8res de s\u00e9lection d\u2019admissibilit\u00e9 au programme de perfectionnement \u00e0 l\u2019\u00e9tranger.<\/span>\u00a0 (<a href=\"https:\/\/fmi.univ-bba.dz\/wp-content\/uploads\/2018\/07\/5_Arrete-N-2010-du-29-D\u00e9c-2014-Perfectionnement-de-courte-dur\u00e9e_Version-Arabe.pdf\">AR<\/a>\/<a href=\"https:\/\/fmi.univ-bba.dz\/wp-content\/uploads\/2018\/07\/6_Arrete-N-2010-du-29-D\u00e9c-2014-Perfectionnement-de-courte-dur\u00e9e_Version-Fran\u00e7aise.pdf\">FR<\/a>)<\/li>\n<li><span style=\"color: #000000;\">Instruction N \u00b0 02 du 31 D\u00e9cembre 2013 relative au perfectionnement \u00e0 l\u2019\u00e9tranger.<\/span> (<a href=\"https:\/\/fmi.univ-bba.dz\/wp-content\/uploads\/2018\/07\/7_Instruction-02-du-31D\u00e9c-2013_Version-Arabe.pdf\">AR<\/a>\/<a href=\"https:\/\/fmi.univ-bba.dz\/wp-content\/uploads\/2018\/07\/8_Instruction-02-du-31D\u00e9c-2013_Version-Fran\u00e7aise.pdf\">FR<\/a>)<\/li>\n<li><span style=\"color: #000000;\">Instruction N \u00b0 02 du 28 D\u00e9cembre 2011 relative au perfectionnement \u00e0 l\u2019\u00e9tranger.<\/span>\u00a0<a href=\"https:\/\/fmi.univ-bba.dz\/wp-content\/uploads\/2018\/07\/9_art28-12-20111.pdf\">T\u00e9l\u00e9charger<\/a><\/li>\n<li><span style=\"color: #000000;\">Montant de l\u2019indemnit\u00e9 convertible et zones, d\u00e9cret de 2004.\u00a0<\/span><a href=\"https:\/\/fmi.univ-bba.dz\/wp-content\/uploads\/2018\/07\/10_Montant-de-lind\u00e9mnit\u00e9-et-zones-2004.pdf\">T\u00e9l\u00e9charger<\/a><\/li>\n<li><span style=\"color: #000000;\">Montant de l\u2019indemnit\u00e9 convertible et zones, d\u00e9cret de 2011.<\/span>\u00a0<a href=\"https:\/\/fmi.univ-bba.dz\/wp-content\/uploads\/2018\/07\/11_Montant-de-lind\u00e9mnit\u00e9-et-zones-2011.pdf\">T\u00e9l\u00e9charger<\/a><\/li>\n<\/ul>\n<h3><strong>Formation r\u00e9sidentielle \u00e0 l\u2019\u00e9tranger (Stage de longue dur\u00e9e) :<\/strong><\/h3>\n<ul>\n<li>Arr\u00eat\u00e9 N\u00b0 1014 du 31 D\u00e9cembre 2013, fixant les crit\u00e8res de s\u00e9lection d\u2019admissibilit\u00e9 au programme de formation r\u00e9sidentielle \u00e0 l\u2019\u00e9tranger au titre de l\u2019ann\u00e9e 2014. (<a href=\"https:\/\/fmi.univ-bba.dz\/wp-content\/uploads\/2018\/07\/12_Arr\u00eat\u00e9-1014-du-31-d\u00e9c-2013_Version-Arabe.pdf\">AR<\/a>\/<a href=\"https:\/\/fmi.univ-bba.dz\/wp-content\/uploads\/2018\/07\/13_Arr\u00eat\u00e9-1014-du-31-d\u00e9c-2013_Version-Fran\u00e7aise.pdf\">FR<\/a>)<\/li>\n<li>Arr\u00eat\u00e9 N\u00b0 2009 du 29 D\u00e9cembre 2014, fixant les crit\u00e8res de s\u00e9lection d\u2019admissibilit\u00e9 au programme de formation r\u00e9sidentielle \u00e0 l\u2019\u00e9tranger au titre de l\u2019ann\u00e9e 2015. (<a href=\"https:\/\/fmi.univ-bba.dz\/wp-content\/uploads\/2018\/07\/14_Arrete-N-2009-du-29-D\u00e9c-2014-Formation-Residentielle_Version-Arabe.pdf\">AR<\/a>\/<a href=\"https:\/\/fmi.univ-bba.dz\/wp-content\/uploads\/2018\/07\/15_Arrete-N-2009-du-29-D\u00e9c-2014-Formation-Residentielle_Version-Fran\u00e7aise.pdf\">FR<\/a>)<\/li>\n<\/ul>\n<h3><strong>Cong\u00e9s scientifiques (Ann\u00e9e Sabbatique) :<\/strong><\/h3>\n<ul>\n<li>Montant de l\u2019indemnit\u00e9 et zones cong\u00e9s scientifiques (Ann\u00e9e sabbatique) d\u00e9cret de 2015.\u00a0<a href=\"https:\/\/fmi.univ-bba.dz\/wp-content\/uploads\/2018\/07\/16_Montant-de-lind\u00e9mnit\u00e9-et-zones-Ann\u00e9e-Sabbatique-2015.pdf\">T\u00e9l\u00e9charger<\/a><\/li>\n<\/ul>\n<h3><strong>Conseil scientifique :<\/strong><\/h3>\n<ul>\n<li>Correspondance N 136 du 11 Octobre 2015 de DGEFP relative aux \u00e9lections des organes scientifiques.\u00a0<a href=\"https:\/\/fmi.univ-bba.dz\/wp-content\/uploads\/2018\/07\/20_Conseil-Scientifique1.pdf\">T\u00e9l\u00e9charger<\/a><\/li>\n<li>D\u00e9cret ex\u00e9cutif N\u00b0 03-279 du 23 ao\u00fbt 2003 fixant les missions et les r\u00e8gles particuli\u00e8res d\u2019organisation et de fonctionnement de l\u2019universit\u00e9. (<a href=\"https:\/\/fmi.univ-bba.dz\/wp-content\/uploads\/2018\/07\/18_Conseil-scientifique2.pdf\">AR<\/a>\/<a href=\"https:\/\/fmi.univ-bba.dz\/wp-content\/uploads\/2018\/07\/19_23_aout_2003.pdf\">FR<\/a>)<\/li>\n<li>D\u00e9cret ex\u00e9cutif N\u00b0 06-343 du 27 septembre 2006 modifiant et compl\u00e9tant le d\u00e9cret ex\u00e9cutif N) 03-179 du 23 ao\u00fbt 2003 fixant les missions et les r\u00e8gles particuli\u00e8res d\u2019organisation et de fonctionnement de l\u2019universit\u00e9.\u00a0(<a href=\"https:\/\/fmi.univ-bba.dz\/wp-content\/uploads\/2018\/07\/20_Conseil-Scientifique1.pdf\">AR<\/a>\/<a href=\"https:\/\/fmi.univ-bba.dz\/wp-content\/uploads\/2018\/07\/21_decret-06-343.pdf\">FR<\/a>)<\/li>\n<\/ul>\n<h3><strong>Doctorat troisi\u00e8me cycle :<\/strong><\/h3>\n<ul>\n<li>Circulaire n\u00b003 du 08 Mars 2018 relative aux conditions et aux modalit\u00e9s de soutenance d&#8217;une th\u00e8se de doctorat en sciences (<a href=\"https:\/\/fmi.univ-bba.dz\/wp-content\/uploads\/2018\/09\/circulaire-n03-2018.pdf\">FR<\/a>)<\/li>\n<li>Note n\u00b0546 du 16 juillet 2018 relative aux modalit\u00e9 d&#8217;organisation du concours de doctorat 3\u00e8me cycle au titre de l&#8217;ann\u00e9e 2018-2019.(<span style=\"color: #0000ff;\"><a style=\"color: #0000ff;\" href=\"https:\/\/fmi.univ-bba.dz\/wp-content\/uploads\/2018\/09\/Note_N-546_Relative_aux_modalit\u00e9_Dorganisation_D_lmd.pdf\">AR<\/a><\/span><a href=\"https:\/\/fmi.univ-bba.dz\/wp-content\/uploads\/2018\/09\/Note_N-546_Relative_aux_modalit\u00e9_Dorganisation_D_lmd.pdf\">\/<\/a><span style=\"color: #0000ff;\"><a style=\"color: #0000ff;\" href=\"https:\/\/fmi.univ-bba.dz\/wp-content\/uploads\/2018\/09\/Note_N-546_Relative_aux_modalit\u00e9_Dorganisation_D_lmd.pdf\">FR<\/a><\/span>)<\/li>\n<li>Note N\u00b0 480 du 27 juillet 2017 relative aux modalit\u00e9s d \u2018acc\u00e8s au concours de doctorat LMD. (<a href=\"https:\/\/fmi.univ-bba.dz\/wp-content\/uploads\/2018\/07\/Note-relative-les-modalit\u00e9-d-acc\u00e9s-au-concours-dec-doctorat-Ar.pdf\">AR<\/a>\/<a href=\"https:\/\/fmi.univ-bba.dz\/wp-content\/uploads\/2018\/07\/Note-relative-modalit\u00e9-acc\u00e8s-concours-doctorat-Fr.pdf\">FR<\/a>)<\/li>\n<li>Arr\u00eat\u00e9 n\u00b0 547 du 02 Juin 2016 fixant les modalit\u00e9s d\u2019organisation de la formation de troisi\u00e8me cycle et les conditions de pr\u00e9paration et de soutenance de la th\u00e8se de doctorat. (<a href=\"https:\/\/fmi.univ-bba.dz\/wp-content\/uploads\/2018\/07\/Arr\u00eat\u00e9-n\u00b0-547-du-02-Juin-2016-fixant-les-modalit\u00e9s-dorganisation-de-la-formation-de-troisi\u00e8me-cycle-ARA-1.pdf\">AR<\/a>\/<a href=\"https:\/\/fmi.univ-bba.dz\/wp-content\/uploads\/2018\/07\/Arr\u00eat\u00e9-n\u00b0-547-du-02-Juin-2016-fixant-les-modalit\u00e9s-dorganisation-de-la-formation-de-troisi\u00e8me-cycle-FRA-1.pdf\">FR<\/a>)<\/li>\n<li>Note N 27 2015 du 01 mars 2015 DGEFS-DFDHU fixant les modalit\u00e9s d\u2019organisation du concours Doctorat LMD. (<a href=\"https:\/\/fmi.univ-bba.dz\/wp-content\/uploads\/2018\/07\/note_n27_du_01-03-2015_fixant_les_modalites_d_organisation_du_concours_de_doctorat_LMD-ARA.pdf\">AR<\/a>\/<a href=\"https:\/\/fmi.univ-bba.dz\/wp-content\/uploads\/2018\/07\/Note-N-27-2015-du-01-mars-2015-DGEFS-DFDHU-fixant-les-modalit\u00e9s-dorganisation-du-concours-Doctorat-LMD..pdf\">FR<\/a>)<\/li>\n<li>Note fixant les modalit\u00e9s d\u2019organisation du concours d\u2019acc\u00e8s \u00e0 la formation de troisi\u00e8me cycle en vue de l\u2019obtention du dipl\u00f4me de doctorat. (<a href=\"https:\/\/fmi.univ-bba.dz\/wp-content\/uploads\/2018\/07\/22_note_modalite_organisation_DLMD_arabe.pdf\">AR<\/a>\/<a href=\"https:\/\/fmi.univ-bba.dz\/wp-content\/uploads\/2018\/07\/23_note_modalite_organisation_DLMD_francais.pdf\">FR<\/a>) .<\/li>\n<li>Arr\u00eat\u00e9 N\u00b0 329 du 05 mai 2014 modifiant l\u2019arr\u00eat\u00e9 N\u00b0 191 du 16 Juillet 2012 fixant l\u2019organisation de la formation de troisi\u00e8me cycle en vue de l\u2019obtention du doctorat. (<a href=\"https:\/\/fmi.univ-bba.dz\/wp-content\/uploads\/2018\/07\/24_Arr\u00eat\u00e9-329-du-05-mai-2014_Version-Arabe.pdf\">AR<\/a>\/<a href=\"https:\/\/fmi.univ-bba.dz\/wp-content\/uploads\/2018\/07\/25_Arr\u00eat\u00e9-329-du-05-mai-2014_Version-Fran\u00e7aise.pdf\">FR<\/a>)<\/li>\n<li>Arr\u00eat\u00e9 N\u00b0 191 du 16 Juillet 2012 fixant l\u2019organisation de la formation de troisi\u00e8me cycle en vue de l\u2019obtention du doctorat. (<a href=\"https:\/\/fmi.univ-bba.dz\/wp-content\/uploads\/2018\/07\/27_arrete-191-16-juillet-2012-fr.pdf\">FR<\/a>)<\/li>\n<li>Arr\u00eat\u00e9 N\u00b0 345 du 17 Octobre 2012 modifiant et compl\u00e9tant l\u2019arr\u00eat\u00e9 N\u00b0 191 du 16 Juillet 2012 fixant l\u2019organisation de la formation de troisi\u00e8me cycle en vue de l\u2019obtention du doctorat. (<a href=\"https:\/\/fmi.univ-bba.dz\/wp-content\/uploads\/2018\/07\/28_Arrete_345_du_17-10-2012_Doctorat_LMD_ar.pdf\">AR<\/a>\/<a href=\"https:\/\/fmi.univ-bba.dz\/wp-content\/uploads\/2018\/07\/29_Arrete_345_du_17-10-2012_Doctorat_LMD_fr.pdf\">FR<\/a>)<\/li>\n<li>Arr\u00eat\u00e9 n\u00b0 191 du 16 juillet 2012 fixant l\u2019organisation de la formation de troisi\u00e8me cycle en vue de l\u2019obtention du doctorat. (<a href=\"https:\/\/fmi.univ-bba.dz\/wp-content\/uploads\/2018\/07\/Arr\u00eat\u00e9-n-191-du-16-Juillet-2016-ARA-1.pdf\">AR<\/a>\/ <a href=\"https:\/\/fmi.univ-bba.dz\/wp-content\/uploads\/2018\/07\/arrete-191-16-juillet-2012-fr.pdf\">FR<\/a>)<\/li>\n<li>Arr\u00eat\u00e9 n\u00b0 250 du 28 Juillet 2009 fixant l\u2019organisation de la formation de troisi\u00e8me cycle en vue de l\u2019obtention du dipl\u00f4me de doctorat. (<a href=\"https:\/\/fmi.univ-bba.dz\/wp-content\/uploads\/2018\/07\/Arr\u00eat\u00e9-n\u00b0-250-du-28-Juillet-2009-fixant-lorganisation-de-la-formation-de-troisi\u00e8me-cycle-ARA-FRA-1.pdf\">AR-FR<\/a>)<\/li>\n<\/ul>\n<h3><strong>Enseignants chercheurs :<\/strong><\/h3>\n<ul>\n<li>D\u00e9cret 08-130 du 03 Mai 2008: Statut particulier de l\u2019enseignant chercheur. (<a href=\"https:\/\/fmi.univ-bba.dz\/wp-content\/uploads\/2018\/07\/30_Statut-Particulier-enseigant-chercheur-ARA.pdf\">AR<\/a>\/<a href=\"https:\/\/fmi.univ-bba.dz\/wp-content\/uploads\/2018\/07\/31_Statut-Particulier-enseigant-chercheur-FRA.pdf\">FR<\/a>)<\/li>\n<\/ul>\n<h3><strong>Plagiat<\/strong><\/h3>\n<ul>\n<li>Arr\u00eat\u00e9 de plagiat N\u00b0933 du 28 Juillet 2016. (<a href=\"https:\/\/fmi.univ-bba.dz\/wp-content\/uploads\/2018\/07\/1-Arr\u00eat\u00e9-de-plagiat-N\u00b0933-du-28-Juillet-2016-Ar.pdf\">AR<\/a>\/<a href=\"https:\/\/fmi.univ-bba.dz\/wp-content\/uploads\/2018\/07\/2-Arr\u00eat\u00e9-de-plagiat-N\u00b0933-du-28-Juillet-2016-Fr.pdf\">FR<\/a>)<\/li>\n<\/ul>\n","protected":false},"excerpt":{"rendered":"<p>Formation \u00e0 l\u2019\u00e9tranger de courte dur\u00e9e : D\u00e9cret Pr\u00e9sidentiel N\u00b0 14-196 du 06 Juillet 2014 portant organisation et gestion de la formation et du perfectionnement \u00e0 l\u2019\u00e9tranger.\u00a0T\u00e9l\u00e9charger Instruction N \u00b0 05 du 01 D\u00e9cembre 2015 relative au perfectionnement \u00e0 l\u2019\u00e9tranger. (AR\/FR) Arr\u00eat\u00e9 N\u00b0 327 du 09 Juillet modifiant l\u2019arr\u00eat\u00e9 N\u00b0 2010 du 29 D\u00e9cembre 2014, [&hellip;]<\/p>\n","protected":false},"author":1,"featured_media":0,"parent":0,"menu_order":0,"comment_status":"closed","ping_status":"closed","template":"","meta":{"footnotes":""},"class_list":["post-217","page","type-page","status-publish","hentry"],"_links":{"self":[{"href":"https:\/\/fmi.univ-bba.dz\/index.php?rest_route=\/wp\/v2\/pages\/217","targetHints":{"allow":["GET"]}}],"collection":[{"href":"https:\/\/fmi.univ-bba.dz\/index.php?rest_route=\/wp\/v2\/pages"}],"about":[{"href":"https:\/\/fmi.univ-bba.dz\/index.php?rest_route=\/wp\/v2\/types\/page"}],"author":[{"embeddable":true,"href":"https:\/\/fmi.univ-bba.dz\/index.php?rest_route=\/wp\/v2\/users\/1"}],"replies":[{"embeddable":true,"href":"https:\/\/fmi.univ-bba.dz\/index.php?rest_route=%2Fwp%2Fv2%2Fcomments&post=217"}],"version-history":[{"count":27,"href":"https:\/\/fmi.univ-bba.dz\/index.php?rest_route=\/wp\/v2\/pages\/217\/revisions"}],"predecessor-version":[{"id":722,"href":"https:\/\/fmi.univ-bba.dz\/index.php?rest_route=\/wp\/v2\/pages\/217\/revisions\/722"}],"wp:attachment":[{"href":"https:\/\/fmi.univ-bba.dz\/index.php?rest_route=%2Fwp%2Fv2%2Fmedia&parent=217"}],"curies":[{"name":"wp","href":"https:\/\/api.w.org\/{rel}","templated":true}]}}