{"id":146,"date":"2018-06-29T16:27:04","date_gmt":"2018-06-29T15:27:04","guid":{"rendered":"https:\/\/fmi.univ-bba.dz\/?page_id=146"},"modified":"2024-10-14T12:15:02","modified_gmt":"2024-10-14T11:15:02","slug":"conseil-scientifique","status":"publish","type":"page","link":"https:\/\/fmi.univ-bba.dz\/?page_id=146","title":{"rendered":"Conseil Scientifique"},"content":{"rendered":"<p>La liste nominative des membres du conseil scientifique de la facult\u00e9 des math\u00e9matiques et de l\u2019informatique a \u00e9t\u00e9 fix\u00e9e par l&#8217;Arr\u00eat\u00e9 1080 du 26 Septembre 2024 comme suit:<\/p>\n<table style=\"width: 100%; height: 352px;\">\n<tbody>\n<tr style=\"height: 22px;\">\n<td style=\"text-align: center; height: 22px; width: 22.6978%;\"><strong>Nom et pr\u00e9nom<\/strong><\/td>\n<td style=\"text-align: center; height: 22px; width: 76.3943%;\"><strong>Qualit\u00e9<\/strong><\/td>\n<\/tr>\n<tr style=\"height: 22px;\">\n<td style=\"height: 22px; width: 22.6978%;\">Brahmi Boualem<\/td>\n<td style=\"height: 22px; width: 76.3943%;\">Pr\u00e9sident du conseil scientifique de la facult\u00e9 (email: b.brahmi@univ-bba.dz)<\/td>\n<\/tr>\n<tr style=\"height: 22px;\">\n<td style=\"height: 22px; width: 22.6978%;\">Rahmoune Azedine<\/td>\n<td style=\"height: 22px; width: 76.3943%;\">Doyen de la facult\u00e9 (email : <span style=\"color: #0000ff;\">a.rahmoune@univ-bba.dz<\/span>)<\/td>\n<\/tr>\n<tr style=\"height: 22px;\">\n<td style=\"height: 22px; width: 22.6978%;\">Saifi Abdelhamid<\/td>\n<td style=\"height: 22px; width: 76.3943%;\">Vice doyen charg\u00e9 des \u00e9tudes et des questions li\u00e9es aux \u00e9tudiants<\/td>\n<\/tr>\n<tr style=\"height: 22px;\">\n<td style=\"height: 22px; width: 22.6978%;\">Belhadj Foudil<\/td>\n<td style=\"height: 22px; width: 76.3943%;\">Vice doyen charg\u00e9 de la poste graduation, la recherche scientifique et les relations ext\u00e9rieures<\/td>\n<\/tr>\n<tr style=\"height: 22px;\">\n<td style=\"height: 22px; width: 22.6978%;\">Attia Abdelouahab<\/td>\n<td style=\"height: 22px; width: 76.3943%;\">Chef d\u00e9partement d\u2019informatique<\/td>\n<\/tr>\n<tr style=\"height: 22px;\">\n<td style=\"height: 22px; width: 22.6978%;\">Touati Hilal<\/td>\n<td style=\"height: 22px; width: 76.3943%;\">Chef d\u00e9partement de math\u00e9matiques<\/td>\n<\/tr>\n<tr style=\"height: 22px;\">\n<td style=\"height: 22px; width: 22.6978%;\">Mani Abdelouahab<\/td>\n<td style=\"height: 22px; width: 76.3943%;\">Chef d\u00e9partement de la recherche op\u00e9rationnelle<\/td>\n<\/tr>\n<tr style=\"height: 22px;\">\n<td style=\"height: 22px; width: 22.6978%;\">Benterki Rebiha<\/td>\n<td style=\"height: 22px; width: 76.3943%;\">Pr\u00e9sident du comit\u00e9 scientifique du d\u00e9partement des math\u00e9matiques<\/td>\n<\/tr>\n<tr style=\"height: 22px;\">\n<td style=\"height: 22px; width: 22.6978%;\">Sabri Lyazid<\/td>\n<td style=\"height: 22px; width: 76.3943%;\">Membre<\/td>\n<\/tr>\n<tr style=\"height: 22px;\">\n<td style=\"height: 22px; width: 22.6978%;\">Zeghdane Rebiha<\/td>\n<td style=\"height: 22px; width: 76.3943%;\">Membre<\/td>\n<\/tr>\n<tr style=\"height: 22px;\">\n<td style=\"height: 22px; width: 22.6978%;\">Ghermoul Bilal<\/td>\n<td style=\"height: 22px; width: 76.3943%;\">Membre<\/td>\n<\/tr>\n<tr style=\"height: 22px;\">\n<td style=\"height: 22px; width: 22.6978%;\">Laifa Meriem<\/td>\n<td style=\"height: 22px; width: 76.3943%;\">Membre<\/td>\n<\/tr>\n<tr style=\"height: 22px;\">\n<td style=\"height: 22px; width: 22.6978%;\">Boumaza Farid<\/td>\n<td style=\"height: 22px; width: 76.3943%;\">Membre<\/td>\n<\/tr>\n<tr style=\"height: 22px;\">\n<td style=\"height: 22px; width: 22.6978%;\">Ramdhani Zoubir<\/td>\n<td style=\"height: 22px; width: 76.3943%;\">Membre<\/td>\n<\/tr>\n<tr>\n<td style=\"width: 22.6978%;\">Nouioua Farid<\/td>\n<td style=\"width: 76.3943%;\">Membre<\/td>\n<\/tr>\n<tr style=\"height: 22px;\">\n<td style=\"height: 22px; width: 22.6978%;\">Benterki Djamila<\/td>\n<td style=\"height: 22px; width: 76.3943%;\">\n<p>Chef du Labo AMA\u00a0<\/p>\n<\/td>\n<\/tr>\n<\/tbody>\n<\/table>\n\n\n<p><\/p>\n","protected":false},"excerpt":{"rendered":"<p>La liste nominative des membres du conseil scientifique de la facult\u00e9 des math\u00e9matiques et de l\u2019informatique a \u00e9t\u00e9 fix\u00e9e par l&#8217;Arr\u00eat\u00e9 1080 du 26 Septembre 2024 comme suit: Nom et pr\u00e9nom Qualit\u00e9 Brahmi Boualem Pr\u00e9sident du conseil scientifique de la facult\u00e9 (email: b.brahmi@univ-bba.dz) Rahmoune Azedine Doyen de la facult\u00e9 (email : a.rahmoune@univ-bba.dz) Saifi Abdelhamid Vice [&hellip;]<\/p>\n","protected":false},"author":1,"featured_media":0,"parent":0,"menu_order":0,"comment_status":"closed","ping_status":"closed","template":"","meta":{"footnotes":""},"class_list":["post-146","page","type-page","status-publish","hentry"],"_links":{"self":[{"href":"https:\/\/fmi.univ-bba.dz\/index.php?rest_route=\/wp\/v2\/pages\/146","targetHints":{"allow":["GET"]}}],"collection":[{"href":"https:\/\/fmi.univ-bba.dz\/index.php?rest_route=\/wp\/v2\/pages"}],"about":[{"href":"https:\/\/fmi.univ-bba.dz\/index.php?rest_route=\/wp\/v2\/types\/page"}],"author":[{"embeddable":true,"href":"https:\/\/fmi.univ-bba.dz\/index.php?rest_route=\/wp\/v2\/users\/1"}],"replies":[{"embeddable":true,"href":"https:\/\/fmi.univ-bba.dz\/index.php?rest_route=%2Fwp%2Fv2%2Fcomments&post=146"}],"version-history":[{"count":24,"href":"https:\/\/fmi.univ-bba.dz\/index.php?rest_route=\/wp\/v2\/pages\/146\/revisions"}],"predecessor-version":[{"id":5559,"href":"https:\/\/fmi.univ-bba.dz\/index.php?rest_route=\/wp\/v2\/pages\/146\/revisions\/5559"}],"wp:attachment":[{"href":"https:\/\/fmi.univ-bba.dz\/index.php?rest_route=%2Fwp%2Fv2%2Fmedia&parent=146"}],"curies":[{"name":"wp","href":"https:\/\/api.w.org\/{rel}","templated":true}]}}