{"id":141,"date":"2018-06-29T16:24:46","date_gmt":"2018-06-29T15:24:46","guid":{"rendered":"https:\/\/fmi.univ-bba.dz\/?page_id=141"},"modified":"2024-02-17T16:20:00","modified_gmt":"2024-02-17T15:20:00","slug":"systeme-lmd","status":"publish","type":"page","link":"https:\/\/fmi.univ-bba.dz\/?page_id=141","title":{"rendered":"Formations"},"content":{"rendered":"<p>Notre Facult\u00e9 offre les trois cycles d&#8217;enseignement (Licence, Master, Doctorat) suivant le syst\u00e8me LMD. Les formations sont class\u00e9es selon les deux fili\u00e8res suivantes :<\/p>\n<table class=\"tg\">\n<tbody>\n<tr>\n<th class=\"tg-7btt\">Domaine<\/th>\n<th class=\"tg-7btt\">Fili\u00e8res<\/th>\n<th class=\"tg-7btt\">Sp\u00e9cialit\u00e9s en licence<\/th>\n<th class=\"tg-7btt\">Sp\u00e9cialit\u00e9s en Master<\/th>\n<th class=\"tg-7btt\">Sp\u00e9cialit\u00e9s en Doctorat<\/th>\n<\/tr>\n<tr>\n<td class=\"tg-c3ow\" style=\"text-align: center;\" rowspan=\"3\">MI (<span style=\"color: #0000ff;\">D03<\/span>)<\/td>\n<td class=\"tg-us36\" style=\"text-align: center;\" rowspan=\"2\">Math\u00e9matiques<\/td>\n<td class=\"tg-c3ow\" style=\"text-align: center;\" rowspan=\"2\">\n<ul>\n<li style=\"text-align: left;\">Math\u00e9matiques<\/li>\n<\/ul>\n<\/td>\n<td class=\"tg-us36\">\n<ul>\n<li>Syst\u00e8mes dynamiques<\/li>\n<\/ul>\n<\/td>\n<td class=\"tg-us36\" style=\"text-align: center;\" rowspan=\"2\">\n<div class=\"_3_bl\">\n<div class=\"_5w1r _3_om _5wdf\">\n<div class=\"_4gx_\">\n<div class=\"_1aa6\"><span class=\"_5yl5\">Math\u00e9matiques\u00a0<\/span><\/div>\n<\/div>\n<\/div>\n<\/div>\n<\/td>\n<\/tr>\n<tr>\n<td class=\"tg-us36\">\n<ul>\n<li>Analyse math\u00e9matique et applications<\/li>\n<li>M\u00e9thodes et outils pour la recherche op\u00e9rationnelle<\/li>\n<\/ul>\n<\/td>\n<\/tr>\n<tr>\n<td class=\"tg-us36\" style=\"text-align: center;\">Informatique<\/td>\n<td class=\"tg-us36\">\n<ul>\n<li>Syst\u00e8mes Informatique<\/li>\n<li>Ing\u00e9nierie des syst\u00e8mes d&#8217;information et du logiciel<\/li>\n<\/ul>\n<\/td>\n<td class=\"tg-us36\">\n<ul>\n<li>Ing\u00e9nerie de l&#8217;informatique d\u00e9cisionnelle<\/li>\n<li>R\u00e9seaux et mutimedia<\/li>\n<li>Technologies de l&#8217;information et de la communication<\/li>\n<\/ul>\n<\/td>\n<td class=\"tg-us36\" style=\"text-align: center;\">Informatique<\/td>\n<\/tr>\n<\/tbody>\n<\/table>\n<p><span style=\"color: #800000;\"><strong>Canevas des offres de formations Licences<\/strong> :<\/span><\/p>\n<ul>\n<li>Canevas Math\u00e9matiques (Maths)<\/li>\n<li>Canevas Syst\u00e8mes Informatiques (SI)\u00a0<span style=\"color: #0000ff;\"><a style=\"color: #0000ff;\" href=\"https:\/\/fmi.univ-bba.dz\/wp-content\/uploads\/2024\/02\/CANEVAS_SI_FINAL.pdf\">T\u00e9l\u00e9charger<\/a><\/span><\/li>\n<li>Canevas Ing\u00e9nierie des Syst\u00e8mes Informatiques et des Logiciels (ISIL)\u00a0<a href=\"https:\/\/fmi.univ-bba.dz\/wp-content\/uploads\/2024\/02\/CANEVAS-ISIL-FINAL.pdf\"><span style=\"color: #0000ff;\">T\u00e9l\u00e9charger<\/span><\/a><\/li>\n<\/ul>\n<p><span style=\"color: #800000;\"><b>Responsables p\u00e9dagogiques\u00a0<\/b>:<\/span><\/p>\n<ul>\n<li>Responsable\u00a0de l&#8217;\u00e9quipe du domaine math\u00e9matiques et informatique :\u00a0 <span style=\"color: #0000ff;\">Dr. Bouziane Abderraouf<\/span><\/li>\n<li>Responsable de l&#8217;\u00e9quipe de la fili\u00e8re math\u00e9matiques :\u00a0 <span style=\"color: #0000ff;\">Dr. Benterki Rebiha<\/span><\/li>\n<li>Responsable de l&#8217;\u00e9quipe de la fili\u00e8re informatique : <span style=\"color: #0000ff;\">Dr. Laifa Meriem<\/span><\/li>\n<li>Responsable de l&#8217;\u00e9quipe de la sp\u00e9cialit\u00e9 math\u00e9matiques : <span style=\"color: #0000ff;\">Dr. Zeghdane Rebiha<\/span><\/li>\n<li>Responsable de de l&#8217;\u00e9quipe la sp\u00e9cialit\u00e9 syst\u00e8mes informatique : <span style=\"color: #0000ff;\">Mr. Belazzoug\u00a0Mouhoub<\/span><\/li>\n<li>Responsable de l&#8217;\u00e9quipe de la sp\u00e9cialit\u00e9 ISIL\u00a0: <span style=\"color: #0000ff;\">Saifi Abdelhamid<\/span><\/li>\n<li><\/li>\n<\/ul>\n","protected":false},"excerpt":{"rendered":"<p>Notre Facult\u00e9 offre les trois cycles d&#8217;enseignement (Licence, Master, Doctorat) suivant le syst\u00e8me LMD. Les formations sont class\u00e9es selon les deux fili\u00e8res suivantes : Domaine Fili\u00e8res Sp\u00e9cialit\u00e9s en licence Sp\u00e9cialit\u00e9s en Master Sp\u00e9cialit\u00e9s en Doctorat MI (D03) Math\u00e9matiques Math\u00e9matiques Syst\u00e8mes dynamiques Math\u00e9matiques\u00a0 Analyse math\u00e9matique et applications M\u00e9thodes et outils pour la recherche op\u00e9rationnelle Informatique Syst\u00e8mes [&hellip;]<\/p>\n","protected":false},"author":1,"featured_media":0,"parent":0,"menu_order":0,"comment_status":"closed","ping_status":"closed","template":"","meta":{"footnotes":""},"class_list":["post-141","page","type-page","status-publish","hentry"],"_links":{"self":[{"href":"https:\/\/fmi.univ-bba.dz\/index.php?rest_route=\/wp\/v2\/pages\/141","targetHints":{"allow":["GET"]}}],"collection":[{"href":"https:\/\/fmi.univ-bba.dz\/index.php?rest_route=\/wp\/v2\/pages"}],"about":[{"href":"https:\/\/fmi.univ-bba.dz\/index.php?rest_route=\/wp\/v2\/types\/page"}],"author":[{"embeddable":true,"href":"https:\/\/fmi.univ-bba.dz\/index.php?rest_route=\/wp\/v2\/users\/1"}],"replies":[{"embeddable":true,"href":"https:\/\/fmi.univ-bba.dz\/index.php?rest_route=%2Fwp%2Fv2%2Fcomments&post=141"}],"version-history":[{"count":44,"href":"https:\/\/fmi.univ-bba.dz\/index.php?rest_route=\/wp\/v2\/pages\/141\/revisions"}],"predecessor-version":[{"id":4931,"href":"https:\/\/fmi.univ-bba.dz\/index.php?rest_route=\/wp\/v2\/pages\/141\/revisions\/4931"}],"wp:attachment":[{"href":"https:\/\/fmi.univ-bba.dz\/index.php?rest_route=%2Fwp%2Fv2%2Fmedia&parent=141"}],"curies":[{"name":"wp","href":"https:\/\/api.w.org\/{rel}","templated":true}]}}